{"id":93,"date":"2023-11-29T07:39:59","date_gmt":"2023-11-29T06:39:59","guid":{"rendered":"https:\/\/podiaz.com\/?page_id=93"},"modified":"2025-06-08T11:32:13","modified_gmt":"2025-06-08T09:32:13","slug":"festival-immersionz","status":"publish","type":"page","link":"https:\/\/podiaz.com\/index.php\/festival-immersionz\/","title":{"rendered":"Festival ImmersionZ"},"content":{"rendered":"\n<figure class=\"wp-block-gallery has-nested-images columns-default is-cropped wp-block-gallery-1 is-layout-flex wp-block-gallery-is-layout-flex\">\n<figure class=\"wp-block-image size-large\"><img loading=\"lazy\" decoding=\"async\" width=\"1024\" height=\"576\" data-id=\"121\" src=\"https:\/\/podiaz.com\/wp-content\/uploads\/2023\/11\/Grez-sur-Loing-\u00a9-Olivier-Lalane-35-1024x576.jpg\" alt=\"\" class=\"wp-image-121\" srcset=\"https:\/\/podiaz.com\/wp-content\/uploads\/2023\/11\/Grez-sur-Loing-\u00a9-Olivier-Lalane-35-1024x576.jpg 1024w, https:\/\/podiaz.com\/wp-content\/uploads\/2023\/11\/Grez-sur-Loing-\u00a9-Olivier-Lalane-35-300x169.jpg 300w, https:\/\/podiaz.com\/wp-content\/uploads\/2023\/11\/Grez-sur-Loing-\u00a9-Olivier-Lalane-35-768x432.jpg 768w, https:\/\/podiaz.com\/wp-content\/uploads\/2023\/11\/Grez-sur-Loing-\u00a9-Olivier-Lalane-35-1536x864.jpg 1536w, https:\/\/podiaz.com\/wp-content\/uploads\/2023\/11\/Grez-sur-Loing-\u00a9-Olivier-Lalane-35-2048x1152.jpg 2048w\" sizes=\"auto, (max-width: 1024px) 100vw, 1024px\" \/><\/figure>\n\n\n\n<figure class=\"wp-block-image size-large\"><img loading=\"lazy\" decoding=\"async\" width=\"1024\" height=\"576\" data-id=\"120\" src=\"https:\/\/podiaz.com\/wp-content\/uploads\/2023\/11\/Grez-sur-Loing-\u00a9-Olivier-Lalane-50-1024x576.jpg\" alt=\"\" class=\"wp-image-120\" srcset=\"https:\/\/podiaz.com\/wp-content\/uploads\/2023\/11\/Grez-sur-Loing-\u00a9-Olivier-Lalane-50-1024x576.jpg 1024w, https:\/\/podiaz.com\/wp-content\/uploads\/2023\/11\/Grez-sur-Loing-\u00a9-Olivier-Lalane-50-300x169.jpg 300w, https:\/\/podiaz.com\/wp-content\/uploads\/2023\/11\/Grez-sur-Loing-\u00a9-Olivier-Lalane-50-768x432.jpg 768w, https:\/\/podiaz.com\/wp-content\/uploads\/2023\/11\/Grez-sur-Loing-\u00a9-Olivier-Lalane-50-1536x864.jpg 1536w, https:\/\/podiaz.com\/wp-content\/uploads\/2023\/11\/Grez-sur-Loing-\u00a9-Olivier-Lalane-50-2048x1152.jpg 2048w\" sizes=\"auto, (max-width: 1024px) 100vw, 1024px\" \/><\/figure>\n\n\n\n<figure class=\"wp-block-image size-large\"><img loading=\"lazy\" decoding=\"async\" width=\"1024\" height=\"767\" data-id=\"122\" src=\"https:\/\/podiaz.com\/wp-content\/uploads\/2023\/11\/Capture-decran-2023-11-29-a-09.39.51-1024x767.png\" alt=\"\" class=\"wp-image-122\" srcset=\"https:\/\/podiaz.com\/wp-content\/uploads\/2023\/11\/Capture-decran-2023-11-29-a-09.39.51-1024x767.png 1024w, https:\/\/podiaz.com\/wp-content\/uploads\/2023\/11\/Capture-decran-2023-11-29-a-09.39.51-300x225.png 300w, https:\/\/podiaz.com\/wp-content\/uploads\/2023\/11\/Capture-decran-2023-11-29-a-09.39.51-768x575.png 768w, https:\/\/podiaz.com\/wp-content\/uploads\/2023\/11\/Capture-decran-2023-11-29-a-09.39.51-1536x1151.png 1536w, https:\/\/podiaz.com\/wp-content\/uploads\/2023\/11\/Capture-decran-2023-11-29-a-09.39.51.png 1874w\" sizes=\"auto, (max-width: 1024px) 100vw, 1024px\" \/><\/figure>\n<\/figure>\n\n\n\n<p>ImmersionZ a \u00e9t\u00e9 fond\u00e9 par Pedro-Octavio Diaz dans la commune de Grez-sur-Loing (Seine-et-Marne). Depuis la premi\u00e8re \u00e9dition, en juin 2021, le festival a cr\u00e9\u00e9 de synergies entre tous les publics, les musiques de patrimoine et de cr\u00e9ation et les sites remarquables de la commune de Grez. Sous la direction de Pedro-Octavio Diaz, chaque \u00e9dition est con\u00e7ue autour d&#8217;une th\u00e9matique forte li\u00e9e au territoire, \u00e0 l&#8217;histoire, \u00e0 l&#8217;identit\u00e9 et aux grandes id\u00e9es qui ont inspir\u00e9 un grand nombre d&#8217;artistes du pass\u00e9 et du pr\u00e9sent. <\/p>\n\n\n\n<p>Grez-sur-Loing est un foyer d&#8217;inspiration depuis longtemps. Des cr\u00e9atrices et cr\u00e9ateurs tels que August Strindberg, Fernande Sadler, Louisa May Alcott, Carl Larsson, Kuroda Seiki, Jelka Rosen et, tout particuli\u00e8rement, le compositeur Frederick Delius y ont v\u00e9cu et travaill\u00e9 dans le village. Delius est la figure tut\u00e9laire du Festival ImmersionZ et chaque ann\u00e9e une de ses oeuvres est mise en avant par les artistes invit\u00e9s. <\/p>\n\n\n\n<p>La programmation convie plusieurs g\u00e9n\u00e9rations d&#8217;interpr\u00e8tes pour permettre aux publics de s&#8217;approprier les diverses expressions musicales dans la convivialit\u00e9 et en osmose avec l&#8217;environnement propice \u00e0 l&#8217;\u00e9change et au partage. <\/p>\n\n\n\n<p>Editions pass\u00e9es:<\/p>\n\n\n\n<p>2021 &#8211; &#8220;Les eaux&#8221; &#8211; Ensemble Alla francesca &amp; Brigitte Lesne, Cyrielle Ndjiki-Nya (soprano), Juliette Journaux (piano)<\/p>\n\n\n\n<p>2022 &#8211; &#8220;R\u00e9g\u00e9n\u00e9rations&#8221; &#8211; St\u00e9phanie Varnerin (soprano), Mathieu Varnerin (guitare) Nathan Mierdl (violon), Paul Montag (piano)<\/p>\n\n\n\n<p>2023 &#8211; &#8220;Jardins\/Edens?&#8221; &#8211; Ensemble Stradivaria &#8211; ensemble baroque de Nantes, Guillaume Cuiller (direction &amp; hautbois) <\/p>\n\n\n\n<p>2024 &#8211; &#8220;<em>In a Summer Garden<\/em> &#8211; Delius et son monde&#8221; <\/p>\n\n\n\n<p>2025 &#8211; &#8220;<em>Les Chants de la terre<\/em> &#8211; La voix du violoncelle&#8221; &#8211; J\u00e9r\u00f4me Huille (violoncelle)<\/p>\n\n\n\n<figure class=\"wp-block-image size-large\"><img loading=\"lazy\" decoding=\"async\" width=\"734\" height=\"1024\" src=\"http:\/\/podiaz.com\/wp-content\/uploads\/2025\/06\/IMG_3541-734x1024.jpg\" alt=\"\" class=\"wp-image-181\" srcset=\"https:\/\/podiaz.com\/wp-content\/uploads\/2025\/06\/IMG_3541-734x1024.jpg 734w, https:\/\/podiaz.com\/wp-content\/uploads\/2025\/06\/IMG_3541-215x300.jpg 215w, https:\/\/podiaz.com\/wp-content\/uploads\/2025\/06\/IMG_3541-768x1072.jpg 768w, https:\/\/podiaz.com\/wp-content\/uploads\/2025\/06\/IMG_3541-1101x1536.jpg 1101w, https:\/\/podiaz.com\/wp-content\/uploads\/2025\/06\/IMG_3541.jpg 1170w\" sizes=\"auto, (max-width: 734px) 100vw, 734px\" \/><\/figure>\n\n\n\n<figure class=\"wp-block-image size-large\"><img loading=\"lazy\" decoding=\"async\" width=\"731\" height=\"1024\" src=\"http:\/\/podiaz.com\/wp-content\/uploads\/2025\/06\/IMG_3542-731x1024.jpg\" alt=\"\" class=\"wp-image-182\" srcset=\"https:\/\/podiaz.com\/wp-content\/uploads\/2025\/06\/IMG_3542-731x1024.jpg 731w, https:\/\/podiaz.com\/wp-content\/uploads\/2025\/06\/IMG_3542-214x300.jpg 214w, https:\/\/podiaz.com\/wp-content\/uploads\/2025\/06\/IMG_3542-768x1075.jpg 768w, https:\/\/podiaz.com\/wp-content\/uploads\/2025\/06\/IMG_3542-1097x1536.jpg 1097w, https:\/\/podiaz.com\/wp-content\/uploads\/2025\/06\/IMG_3542.jpg 1170w\" sizes=\"auto, (max-width: 731px) 100vw, 731px\" \/><\/figure>\n\n\n\n<p><\/p>\n\n\n\n<p>Le Festival ImmersionZ remercie les g\u00e9n\u00e9reux soutiens et partenaires <\/p>\n\n\n\n<figure class=\"wp-block-gallery has-nested-images columns-default is-cropped wp-block-gallery-2 is-layout-flex wp-block-gallery-is-layout-flex\">\n<figure class=\"wp-block-image size-large\"><img loading=\"lazy\" decoding=\"async\" width=\"746\" height=\"200\" data-id=\"158\" src=\"https:\/\/podiaz.com\/wp-content\/uploads\/2024\/05\/Capture-decran-2024-04-24-a-14.29.42.png\" alt=\"\" class=\"wp-image-158\" srcset=\"https:\/\/podiaz.com\/wp-content\/uploads\/2024\/05\/Capture-decran-2024-04-24-a-14.29.42.png 746w, https:\/\/podiaz.com\/wp-content\/uploads\/2024\/05\/Capture-decran-2024-04-24-a-14.29.42-300x80.png 300w\" sizes=\"auto, (max-width: 746px) 100vw, 746px\" \/><\/figure>\n<\/figure>\n\n\n\n<figure class=\"wp-block-gallery has-nested-images columns-default is-cropped wp-block-gallery-3 is-layout-flex wp-block-gallery-is-layout-flex\">\n<figure class=\"wp-block-image size-large\"><img loading=\"lazy\" decoding=\"async\" width=\"1427\" height=\"2142\" data-id=\"161\" src=\"https:\/\/podiaz.com\/wp-content\/uploads\/2024\/05\/Logo_GREZ-edited.jpg\" alt=\"\" class=\"wp-image-161\" srcset=\"https:\/\/podiaz.com\/wp-content\/uploads\/2024\/05\/Logo_GREZ-edited.jpg 1427w, https:\/\/podiaz.com\/wp-content\/uploads\/2024\/05\/Logo_GREZ-edited-200x300.jpg 200w, https:\/\/podiaz.com\/wp-content\/uploads\/2024\/05\/Logo_GREZ-edited-682x1024.jpg 682w, https:\/\/podiaz.com\/wp-content\/uploads\/2024\/05\/Logo_GREZ-edited-768x1153.jpg 768w, https:\/\/podiaz.com\/wp-content\/uploads\/2024\/05\/Logo_GREZ-edited-1023x1536.jpg 1023w, https:\/\/podiaz.com\/wp-content\/uploads\/2024\/05\/Logo_GREZ-edited-1364x2048.jpg 1364w\" sizes=\"auto, (max-width: 1427px) 100vw, 1427px\" \/><\/figure>\n<\/figure>\n\n\n\n<figure class=\"wp-block-gallery has-nested-images columns-default is-cropped wp-block-gallery-4 is-layout-flex wp-block-gallery-is-layout-flex\">\n<figure class=\"wp-block-image size-large\"><img loading=\"lazy\" decoding=\"async\" width=\"1024\" height=\"644\" data-id=\"162\" src=\"https:\/\/podiaz.com\/wp-content\/uploads\/2024\/05\/initial-logo-departement-77-1024x644.jpg\" alt=\"\" class=\"wp-image-162\" srcset=\"https:\/\/podiaz.com\/wp-content\/uploads\/2024\/05\/initial-logo-departement-77-1024x644.jpg 1024w, https:\/\/podiaz.com\/wp-content\/uploads\/2024\/05\/initial-logo-departement-77-300x189.jpg 300w, https:\/\/podiaz.com\/wp-content\/uploads\/2024\/05\/initial-logo-departement-77-768x483.jpg 768w, https:\/\/podiaz.com\/wp-content\/uploads\/2024\/05\/initial-logo-departement-77-1536x966.jpg 1536w, https:\/\/podiaz.com\/wp-content\/uploads\/2024\/05\/initial-logo-departement-77.jpg 1608w\" sizes=\"auto, (max-width: 1024px) 100vw, 1024px\" \/><\/figure>\n<\/figure>\n\n\n\n<figure class=\"wp-block-gallery has-nested-images columns-default is-cropped wp-block-gallery-5 is-layout-flex wp-block-gallery-is-layout-flex\">\n<figure class=\"wp-block-image size-large\"><img loading=\"lazy\" decoding=\"async\" width=\"545\" height=\"169\" data-id=\"163\" src=\"https:\/\/podiaz.com\/wp-content\/uploads\/2024\/05\/Logo_amis-de-grez.jpg\" alt=\"\" class=\"wp-image-163\" srcset=\"https:\/\/podiaz.com\/wp-content\/uploads\/2024\/05\/Logo_amis-de-grez.jpg 545w, https:\/\/podiaz.com\/wp-content\/uploads\/2024\/05\/Logo_amis-de-grez-300x93.jpg 300w\" sizes=\"auto, (max-width: 545px) 100vw, 545px\" \/><\/figure>\n<\/figure>\n\n\n\n<figure class=\"wp-block-gallery has-nested-images columns-default is-cropped wp-block-gallery-6 is-layout-flex wp-block-gallery-is-layout-flex\">\n<figure class=\"wp-block-image size-large\"><img loading=\"lazy\" decoding=\"async\" width=\"694\" height=\"336\" data-id=\"164\" src=\"https:\/\/podiaz.com\/wp-content\/uploads\/2024\/05\/logo-UVSQ-2020-RVB.png\" alt=\"\" class=\"wp-image-164\" srcset=\"https:\/\/podiaz.com\/wp-content\/uploads\/2024\/05\/logo-UVSQ-2020-RVB.png 694w, https:\/\/podiaz.com\/wp-content\/uploads\/2024\/05\/logo-UVSQ-2020-RVB-300x145.png 300w\" sizes=\"auto, (max-width: 694px) 100vw, 694px\" \/><\/figure>\n<\/figure>\n","protected":false},"excerpt":{"rendered":"<p>ImmersionZ a \u00e9t\u00e9 fond\u00e9 par Pedro-Octavio Diaz dans la commune de Grez-sur-Loing (Seine-et-Marne). Depuis la premi\u00e8re \u00e9dition, en juin 2021, le festival a cr\u00e9\u00e9 de synergies entre tous les publics, les musiques de patrimoine et de cr\u00e9ation et les sites remarquables de la commune de Grez. Sous la direction de Pedro-Octavio Diaz, chaque \u00e9dition est [&hellip;]<\/p>\n","protected":false},"author":1,"featured_media":0,"parent":0,"menu_order":0,"comment_status":"closed","ping_status":"closed","template":"","meta":{"footnotes":""},"class_list":["post-93","page","type-page","status-publish","hentry"],"yoast_head":"<!-- This site is optimized with the Yoast SEO plugin v21.5 - https:\/\/yoast.com\/wordpress\/plugins\/seo\/ -->\n<title>Festival ImmersionZ - POD<\/title>\n<meta name=\"robots\" content=\"index, follow, max-snippet:-1, max-image-preview:large, max-video-preview:-1\" \/>\n<link rel=\"canonical\" href=\"https:\/\/podiaz.com\/index.php\/festival-immersionz\/\" \/>\n<meta property=\"og:locale\" content=\"en_US\" \/>\n<meta property=\"og:type\" content=\"article\" \/>\n<meta property=\"og:title\" content=\"Festival ImmersionZ - POD\" \/>\n<meta property=\"og:description\" content=\"ImmersionZ a \u00e9t\u00e9 fond\u00e9 par Pedro-Octavio Diaz dans la commune de Grez-sur-Loing (Seine-et-Marne). Depuis la premi\u00e8re \u00e9dition, en juin 2021, le festival a cr\u00e9\u00e9 de synergies entre tous les publics, les musiques de patrimoine et de cr\u00e9ation et les sites remarquables de la commune de Grez. Sous la direction de Pedro-Octavio Diaz, chaque \u00e9dition est [&hellip;]\" \/>\n<meta property=\"og:url\" content=\"https:\/\/podiaz.com\/index.php\/festival-immersionz\/\" \/>\n<meta property=\"og:site_name\" content=\"POD\" \/>\n<meta property=\"article:modified_time\" content=\"2025-06-08T09:32:13+00:00\" \/>\n<meta property=\"og:image\" content=\"https:\/\/podiaz.com\/wp-content\/uploads\/2023\/11\/Capture-decran-2023-11-29-a-09.39.51-1024x767.png\" \/>\n<meta name=\"twitter:card\" content=\"summary_large_image\" \/>\n<meta name=\"twitter:label1\" content=\"Est. reading time\" \/>\n\t<meta name=\"twitter:data1\" content=\"4 minutes\" \/>\n<script type=\"application\/ld+json\" class=\"yoast-schema-graph\">{\"@context\":\"https:\/\/schema.org\",\"@graph\":[{\"@type\":\"WebPage\",\"@id\":\"https:\/\/podiaz.com\/index.php\/festival-immersionz\/\",\"url\":\"https:\/\/podiaz.com\/index.php\/festival-immersionz\/\",\"name\":\"Festival ImmersionZ - POD\",\"isPartOf\":{\"@id\":\"https:\/\/podiaz.com\/#website\"},\"datePublished\":\"2023-11-29T06:39:59+00:00\",\"dateModified\":\"2025-06-08T09:32:13+00:00\",\"breadcrumb\":{\"@id\":\"https:\/\/podiaz.com\/index.php\/festival-immersionz\/#breadcrumb\"},\"inLanguage\":\"en-US\",\"potentialAction\":[{\"@type\":\"ReadAction\",\"target\":[\"https:\/\/podiaz.com\/index.php\/festival-immersionz\/\"]}]},{\"@type\":\"BreadcrumbList\",\"@id\":\"https:\/\/podiaz.com\/index.php\/festival-immersionz\/#breadcrumb\",\"itemListElement\":[{\"@type\":\"ListItem\",\"position\":1,\"name\":\"Accueil\",\"item\":\"https:\/\/podiaz.com\/\"},{\"@type\":\"ListItem\",\"position\":2,\"name\":\"Festival ImmersionZ\"}]},{\"@type\":\"WebSite\",\"@id\":\"https:\/\/podiaz.com\/#website\",\"url\":\"https:\/\/podiaz.com\/\",\"name\":\"POD\",\"description\":\"Conseiller artistique\",\"potentialAction\":[{\"@type\":\"SearchAction\",\"target\":{\"@type\":\"EntryPoint\",\"urlTemplate\":\"https:\/\/podiaz.com\/?s={search_term_string}\"},\"query-input\":\"required name=search_term_string\"}],\"inLanguage\":\"en-US\"}]}<\/script>\n<!-- \/ Yoast SEO plugin. -->","yoast_head_json":{"title":"Festival ImmersionZ - POD","robots":{"index":"index","follow":"follow","max-snippet":"max-snippet:-1","max-image-preview":"max-image-preview:large","max-video-preview":"max-video-preview:-1"},"canonical":"https:\/\/podiaz.com\/index.php\/festival-immersionz\/","og_locale":"en_US","og_type":"article","og_title":"Festival ImmersionZ - POD","og_description":"ImmersionZ a \u00e9t\u00e9 fond\u00e9 par Pedro-Octavio Diaz dans la commune de Grez-sur-Loing (Seine-et-Marne). Depuis la premi\u00e8re \u00e9dition, en juin 2021, le festival a cr\u00e9\u00e9 de synergies entre tous les publics, les musiques de patrimoine et de cr\u00e9ation et les sites remarquables de la commune de Grez. Sous la direction de Pedro-Octavio Diaz, chaque \u00e9dition est [&hellip;]","og_url":"https:\/\/podiaz.com\/index.php\/festival-immersionz\/","og_site_name":"POD","article_modified_time":"2025-06-08T09:32:13+00:00","og_image":[{"url":"https:\/\/podiaz.com\/wp-content\/uploads\/2023\/11\/Capture-decran-2023-11-29-a-09.39.51-1024x767.png"}],"twitter_card":"summary_large_image","twitter_misc":{"Est. reading time":"4 minutes"},"schema":{"@context":"https:\/\/schema.org","@graph":[{"@type":"WebPage","@id":"https:\/\/podiaz.com\/index.php\/festival-immersionz\/","url":"https:\/\/podiaz.com\/index.php\/festival-immersionz\/","name":"Festival ImmersionZ - POD","isPartOf":{"@id":"https:\/\/podiaz.com\/#website"},"datePublished":"2023-11-29T06:39:59+00:00","dateModified":"2025-06-08T09:32:13+00:00","breadcrumb":{"@id":"https:\/\/podiaz.com\/index.php\/festival-immersionz\/#breadcrumb"},"inLanguage":"en-US","potentialAction":[{"@type":"ReadAction","target":["https:\/\/podiaz.com\/index.php\/festival-immersionz\/"]}]},{"@type":"BreadcrumbList","@id":"https:\/\/podiaz.com\/index.php\/festival-immersionz\/#breadcrumb","itemListElement":[{"@type":"ListItem","position":1,"name":"Accueil","item":"https:\/\/podiaz.com\/"},{"@type":"ListItem","position":2,"name":"Festival ImmersionZ"}]},{"@type":"WebSite","@id":"https:\/\/podiaz.com\/#website","url":"https:\/\/podiaz.com\/","name":"POD","description":"Conseiller artistique","potentialAction":[{"@type":"SearchAction","target":{"@type":"EntryPoint","urlTemplate":"https:\/\/podiaz.com\/?s={search_term_string}"},"query-input":"required name=search_term_string"}],"inLanguage":"en-US"}]}},"_links":{"self":[{"href":"https:\/\/podiaz.com\/index.php\/wp-json\/wp\/v2\/pages\/93","targetHints":{"allow":["GET"]}}],"collection":[{"href":"https:\/\/podiaz.com\/index.php\/wp-json\/wp\/v2\/pages"}],"about":[{"href":"https:\/\/podiaz.com\/index.php\/wp-json\/wp\/v2\/types\/page"}],"author":[{"embeddable":true,"href":"https:\/\/podiaz.com\/index.php\/wp-json\/wp\/v2\/users\/1"}],"replies":[{"embeddable":true,"href":"https:\/\/podiaz.com\/index.php\/wp-json\/wp\/v2\/comments?post=93"}],"version-history":[{"count":11,"href":"https:\/\/podiaz.com\/index.php\/wp-json\/wp\/v2\/pages\/93\/revisions"}],"predecessor-version":[{"id":189,"href":"https:\/\/podiaz.com\/index.php\/wp-json\/wp\/v2\/pages\/93\/revisions\/189"}],"wp:attachment":[{"href":"https:\/\/podiaz.com\/index.php\/wp-json\/wp\/v2\/media?parent=93"}],"curies":[{"name":"wp","href":"https:\/\/api.w.org\/{rel}","templated":true}]}}